{"id":3016,"date":"2022-08-25T13:03:11","date_gmt":"2022-08-25T11:03:11","guid":{"rendered":"https:\/\/www.heidnischbier.ch\/braustaette\/"},"modified":"2024-10-01T20:56:05","modified_gmt":"2024-10-01T18:56:05","slug":"brewery","status":"publish","type":"page","link":"https:\/\/www.heidnischbier.ch\/en\/brewery\/","title":{"rendered":"Brewery"},"content":{"rendered":"\t\t<div data-elementor-type=\"wp-page\" data-elementor-id=\"3016\" class=\"elementor elementor-3016 elementor-1003\" data-elementor-post-type=\"page\">\n\t\t\t\t\t\t<section class=\"elementor-section elementor-top-section elementor-element elementor-element-4267b5d elementor-section-height-min-height image-hero heroimage elementor-section-boxed elementor-section-height-default elementor-section-items-middle\" data-id=\"4267b5d\" data-element_type=\"section\" data-e-type=\"section\" data-settings=\"{&quot;background_background&quot;:&quot;classic&quot;}\">\n\t\t\t\t\t\t<div class=\"elementor-container elementor-column-gap-default\">\n\t\t\t\t\t<div class=\"elementor-column elementor-col-100 elementor-top-column elementor-element elementor-element-e1b376f\" data-id=\"e1b376f\" data-element_type=\"column\" data-e-type=\"column\">\n\t\t\t<div class=\"elementor-widget-wrap elementor-element-populated\">\n\t\t\t\t\t\t<div class=\"elementor-element elementor-element-911ba8e big-font elementor-widget elementor-widget-text-editor\" data-id=\"911ba8e\" data-element_type=\"widget\" data-e-type=\"widget\" data-widget_type=\"text-editor.default\">\n\t\t\t\t<div class=\"elementor-widget-container\">\n\t\t\t\t\t\t\t\t\t<h1>Brewery<\/h1>\t\t\t\t\t\t\t\t<\/div>\n\t\t\t\t<\/div>\n\t\t\t\t\t<\/div>\n\t\t<\/div>\n\t\t\t\t\t<\/div>\n\t\t<\/section>\n\t\t\t\t<section class=\"elementor-section elementor-top-section elementor-element elementor-element-f44b7ba elementor-section-boxed elementor-section-height-default elementor-section-height-default\" data-id=\"f44b7ba\" data-element_type=\"section\" data-e-type=\"section\">\n\t\t\t\t\t\t<div class=\"elementor-container elementor-column-gap-default\">\n\t\t\t\t\t<div class=\"elementor-column elementor-col-100 elementor-top-column elementor-element elementor-element-0ec4b9b\" data-id=\"0ec4b9b\" data-element_type=\"column\" data-e-type=\"column\">\n\t\t\t<div class=\"elementor-widget-wrap elementor-element-populated\">\n\t\t\t\t\t\t<div class=\"elementor-element elementor-element-d39106a elementor-widget elementor-widget-text-editor\" data-id=\"d39106a\" data-element_type=\"widget\" data-e-type=\"widget\" data-widget_type=\"text-editor.default\">\n\t\t\t\t<div class=\"elementor-widget-container\">\n\t\t\t\t\t\t\t\t\t<h1>The Brewery<br \/>Heidnischbier<\/h1><p>Die Brauerei Heidnischbier hat ihren Standort am Rundeyaweg 3 in Raron. Wir haben uns bei der Raplast AG einquartiert und einen Teil der Halle f\u00fcr unsere Zwecke umgebaut. Wir brauen auf einer KBA 500 Liter Anlage von Dreher. Die Abf\u00fcllanlage stammt von der italienischen Firma Framax. Gerne k\u00f6nnt ihr bei uns vorbeischauen, unsere Schaubrauerei besichtigen und unsere Biersorten degustieren.<\/p><p>Neben der Brau- und Abf\u00fcllanlage haben wir auch einen G\u00e4r- und Lagerraum umgebaut. Unser ganzer Stolz aber ist die selbstgebaute Heidnischbar! Kommt vorbei, unterhaltet euch mit uns und geniesst ein Heidnischbier an unserer gem\u00fctlichen Bar. Wir haben jeweils am Freitagabend von 17:00 \u2013 20:00 Uhr f\u00fcr euch ge\u00f6ffnet.<\/p>\t\t\t\t\t\t\t\t<\/div>\n\t\t\t\t<\/div>\n\t\t\t\t\t<\/div>\n\t\t<\/div>\n\t\t\t\t\t<\/div>\n\t\t<\/section>\n\t\t\t\t<section class=\"elementor-section elementor-top-section elementor-element elementor-element-1c3e7f9 elementor-section-full_width boxed-section elementor-section-height-default elementor-section-height-default\" data-id=\"1c3e7f9\" data-element_type=\"section\" data-e-type=\"section\" id=\"imagegalery\">\n\t\t\t\t\t\t<div class=\"elementor-container elementor-column-gap-default\">\n\t\t\t\t\t<div class=\"elementor-column elementor-col-50 elementor-top-column elementor-element elementor-element-bc19002\" data-id=\"bc19002\" data-element_type=\"column\" data-e-type=\"column\">\n\t\t\t<div class=\"elementor-widget-wrap elementor-element-populated\">\n\t\t\t\t\t\t<div class=\"elementor-element elementor-element-2536045 elementor-widget elementor-widget-image\" data-id=\"2536045\" data-element_type=\"widget\" data-e-type=\"widget\" data-widget_type=\"image.default\">\n\t\t\t\t<div class=\"elementor-widget-container\">\n\t\t\t\t\t\t\t\t\t\t\t\t\t\t\t<img fetchpriority=\"high\" decoding=\"async\" width=\"800\" height=\"800\" src=\"https:\/\/www.heidnischbier.ch\/wp-content\/uploads\/2022\/09\/Heidnischbier-Braustaette-Galerie-3.jpg\" class=\"attachment-large size-large wp-image-3065\" alt=\"\" srcset=\"https:\/\/www.heidnischbier.ch\/wp-content\/uploads\/2022\/09\/Heidnischbier-Braustaette-Galerie-3.jpg 1000w, https:\/\/www.heidnischbier.ch\/wp-content\/uploads\/2022\/09\/Heidnischbier-Braustaette-Galerie-3-300x300.jpg 300w, https:\/\/www.heidnischbier.ch\/wp-content\/uploads\/2022\/09\/Heidnischbier-Braustaette-Galerie-3-150x150.jpg 150w, https:\/\/www.heidnischbier.ch\/wp-content\/uploads\/2022\/09\/Heidnischbier-Braustaette-Galerie-3-768x768.jpg 768w\" sizes=\"(max-width: 800px) 100vw, 800px\" \/>\t\t\t\t\t\t\t\t\t\t\t\t\t\t\t<\/div>\n\t\t\t\t<\/div>\n\t\t\t\t<div class=\"elementor-element elementor-element-4ab56da elementor-widget elementor-widget-image\" data-id=\"4ab56da\" data-element_type=\"widget\" data-e-type=\"widget\" data-widget_type=\"image.default\">\n\t\t\t\t<div class=\"elementor-widget-container\">\n\t\t\t\t\t\t\t\t\t\t\t\t\t\t\t<img decoding=\"async\" width=\"800\" height=\"534\" src=\"https:\/\/www.heidnischbier.ch\/wp-content\/uploads\/2022\/09\/Heidnischbier-Braustaette-Galerie-5.jpg\" class=\"attachment-large size-large wp-image-3067\" alt=\"\" srcset=\"https:\/\/www.heidnischbier.ch\/wp-content\/uploads\/2022\/09\/Heidnischbier-Braustaette-Galerie-5.jpg 1000w, https:\/\/www.heidnischbier.ch\/wp-content\/uploads\/2022\/09\/Heidnischbier-Braustaette-Galerie-5-300x200.jpg 300w, https:\/\/www.heidnischbier.ch\/wp-content\/uploads\/2022\/09\/Heidnischbier-Braustaette-Galerie-5-768x512.jpg 768w\" sizes=\"(max-width: 800px) 100vw, 800px\" \/>\t\t\t\t\t\t\t\t\t\t\t\t\t\t\t<\/div>\n\t\t\t\t<\/div>\n\t\t\t\t<div class=\"elementor-element elementor-element-53e975b elementor-widget elementor-widget-image\" data-id=\"53e975b\" data-element_type=\"widget\" data-e-type=\"widget\" data-widget_type=\"image.default\">\n\t\t\t\t<div class=\"elementor-widget-container\">\n\t\t\t\t\t\t\t\t\t\t\t\t\t\t\t<img decoding=\"async\" width=\"731\" height=\"1024\" src=\"https:\/\/www.heidnischbier.ch\/wp-content\/uploads\/2022\/09\/Heidnischbier-Braustaette-Galerie-1-731x1024.jpg\" class=\"attachment-large size-large wp-image-3063\" alt=\"\" srcset=\"https:\/\/www.heidnischbier.ch\/wp-content\/uploads\/2022\/09\/Heidnischbier-Braustaette-Galerie-1-731x1024.jpg 731w, https:\/\/www.heidnischbier.ch\/wp-content\/uploads\/2022\/09\/Heidnischbier-Braustaette-Galerie-1-214x300.jpg 214w, https:\/\/www.heidnischbier.ch\/wp-content\/uploads\/2022\/09\/Heidnischbier-Braustaette-Galerie-1-768x1075.jpg 768w, https:\/\/www.heidnischbier.ch\/wp-content\/uploads\/2022\/09\/Heidnischbier-Braustaette-Galerie-1.jpg 1000w\" sizes=\"(max-width: 731px) 100vw, 731px\" \/>\t\t\t\t\t\t\t\t\t\t\t\t\t\t\t<\/div>\n\t\t\t\t<\/div>\n\t\t\t\t\t<\/div>\n\t\t<\/div>\n\t\t\t\t<div class=\"elementor-column elementor-col-50 elementor-top-column elementor-element elementor-element-8f5048f\" data-id=\"8f5048f\" data-element_type=\"column\" data-e-type=\"column\">\n\t\t\t<div class=\"elementor-widget-wrap elementor-element-populated\">\n\t\t\t\t\t\t<div class=\"elementor-element elementor-element-19a7b83 elementor-widget elementor-widget-image\" data-id=\"19a7b83\" data-element_type=\"widget\" data-e-type=\"widget\" data-widget_type=\"image.default\">\n\t\t\t\t<div class=\"elementor-widget-container\">\n\t\t\t\t\t\t\t\t\t\t\t\t\t\t\t<img loading=\"lazy\" decoding=\"async\" width=\"714\" height=\"1000\" src=\"https:\/\/www.heidnischbier.ch\/wp-content\/uploads\/2022\/09\/Heidnischbier-Braustaette-Galerie-2.jpg\" class=\"attachment-large size-large wp-image-3064\" alt=\"\" srcset=\"https:\/\/www.heidnischbier.ch\/wp-content\/uploads\/2022\/09\/Heidnischbier-Braustaette-Galerie-2.jpg 714w, https:\/\/www.heidnischbier.ch\/wp-content\/uploads\/2022\/09\/Heidnischbier-Braustaette-Galerie-2-214x300.jpg 214w\" sizes=\"(max-width: 714px) 100vw, 714px\" \/>\t\t\t\t\t\t\t\t\t\t\t\t\t\t\t<\/div>\n\t\t\t\t<\/div>\n\t\t\t\t<div class=\"elementor-element elementor-element-cbcbb28 elementor-widget elementor-widget-image\" data-id=\"cbcbb28\" data-element_type=\"widget\" data-e-type=\"widget\" data-widget_type=\"image.default\">\n\t\t\t\t<div class=\"elementor-widget-container\">\n\t\t\t\t\t\t\t\t\t\t\t\t\t\t\t<img loading=\"lazy\" decoding=\"async\" width=\"800\" height=\"534\" src=\"https:\/\/www.heidnischbier.ch\/wp-content\/uploads\/2022\/09\/Heidnischbier-Braustaette-Galerie-4.jpg\" class=\"attachment-large size-large wp-image-3066\" alt=\"\" srcset=\"https:\/\/www.heidnischbier.ch\/wp-content\/uploads\/2022\/09\/Heidnischbier-Braustaette-Galerie-4.jpg 1000w, https:\/\/www.heidnischbier.ch\/wp-content\/uploads\/2022\/09\/Heidnischbier-Braustaette-Galerie-4-300x200.jpg 300w, https:\/\/www.heidnischbier.ch\/wp-content\/uploads\/2022\/09\/Heidnischbier-Braustaette-Galerie-4-768x512.jpg 768w\" sizes=\"(max-width: 800px) 100vw, 800px\" \/>\t\t\t\t\t\t\t\t\t\t\t\t\t\t\t<\/div>\n\t\t\t\t<\/div>\n\t\t\t\t\t<\/div>\n\t\t<\/div>\n\t\t\t\t\t<\/div>\n\t\t<\/section>\n\t\t\t\t<section class=\"elementor-section elementor-top-section elementor-element elementor-element-7bb4809 elementor-section-full_width boxed-section elementor-section-height-default elementor-section-height-default\" data-id=\"7bb4809\" data-element_type=\"section\" data-e-type=\"section\">\n\t\t\t\t\t\t<div class=\"elementor-container elementor-column-gap-default\">\n\t\t\t\t\t<div class=\"elementor-column elementor-col-50 elementor-top-column elementor-element elementor-element-d473daf mapcol\" data-id=\"d473daf\" data-element_type=\"column\" data-e-type=\"column\">\n\t\t\t<div class=\"elementor-widget-wrap elementor-element-populated\">\n\t\t\t\t\t\t<div class=\"elementor-element elementor-element-4db0e78 elementor-widget elementor-widget-image\" data-id=\"4db0e78\" data-element_type=\"widget\" data-e-type=\"widget\" data-widget_type=\"image.default\">\n\t\t\t\t<div class=\"elementor-widget-container\">\n\t\t\t\t\t\t\t\t\t\t\t\t\t\t\t\t<a href=\"https:\/\/www.google.com\/maps\/place\/Brauerei+Heidnischbier+AG\/@46.3055274,7.8009493,17.4z\/data=!4m5!3m4!1s0x478f150bbd4579dd:0x5ce99e472c21938d!8m2!3d46.3055149!4d7.8025145\" target=\"_blank\">\n\t\t\t\t\t\t\t<img loading=\"lazy\" decoding=\"async\" width=\"800\" height=\"800\" src=\"https:\/\/www.heidnischbier.ch\/wp-content\/uploads\/2022\/09\/Heidnischbier-Karte-1024x1024.jpg\" class=\"attachment-large size-large wp-image-3062\" alt=\"\" srcset=\"https:\/\/www.heidnischbier.ch\/wp-content\/uploads\/2022\/09\/Heidnischbier-Karte-1024x1024.jpg 1024w, https:\/\/www.heidnischbier.ch\/wp-content\/uploads\/2022\/09\/Heidnischbier-Karte-300x300.jpg 300w, https:\/\/www.heidnischbier.ch\/wp-content\/uploads\/2022\/09\/Heidnischbier-Karte-150x150.jpg 150w, https:\/\/www.heidnischbier.ch\/wp-content\/uploads\/2022\/09\/Heidnischbier-Karte-768x768.jpg 768w, https:\/\/www.heidnischbier.ch\/wp-content\/uploads\/2022\/09\/Heidnischbier-Karte-1536x1536.jpg 1536w, https:\/\/www.heidnischbier.ch\/wp-content\/uploads\/2022\/09\/Heidnischbier-Karte.jpg 1808w\" sizes=\"(max-width: 800px) 100vw, 800px\" \/>\t\t\t\t\t\t\t\t<\/a>\n\t\t\t\t\t\t\t\t\t\t\t\t\t\t\t<\/div>\n\t\t\t\t<\/div>\n\t\t\t\t\t<\/div>\n\t\t<\/div>\n\t\t\t\t<div class=\"elementor-column elementor-col-50 elementor-top-column elementor-element elementor-element-bf05182\" data-id=\"bf05182\" data-element_type=\"column\" data-e-type=\"column\">\n\t\t\t<div class=\"elementor-widget-wrap elementor-element-populated\">\n\t\t\t\t\t\t<div class=\"elementor-element elementor-element-62e9039 elementor-widget elementor-widget-text-editor\" data-id=\"62e9039\" data-element_type=\"widget\" data-e-type=\"widget\" data-widget_type=\"text-editor.default\">\n\t\t\t\t<div class=\"elementor-widget-container\">\n\t\t\t\t\t\t\t\t\t<p>Brauerei Heidnischbier AG<br \/>Rundeyaweg 3, 3942 Raron<\/p>\t\t\t\t\t\t\t\t<\/div>\n\t\t\t\t<\/div>\n\t\t\t\t<div class=\"elementor-element elementor-element-7847b35 elementor-widget elementor-widget-text-editor\" data-id=\"7847b35\" data-element_type=\"widget\" data-e-type=\"widget\" data-widget_type=\"text-editor.default\">\n\t\t\t\t<div class=\"elementor-widget-container\">\n\t\t\t\t\t\t\t\t\t<p>Besucht unsere Brauerei oder schaut an einem Rampenverkauf jeweils am Freitagabend von 17:00 \u2013 20:00 vorbei!<\/p>\t\t\t\t\t\t\t\t<\/div>\n\t\t\t\t<\/div>\n\t\t\t\t\t<\/div>\n\t\t<\/div>\n\t\t\t\t\t<\/div>\n\t\t<\/section>\n\t\t\t\t<section class=\"elementor-section elementor-top-section elementor-element elementor-element-378726c5 quicklinks elementor-section-boxed elementor-section-height-default elementor-section-height-default\" data-id=\"378726c5\" data-element_type=\"section\" data-e-type=\"section\">\n\t\t\t\t\t\t<div class=\"elementor-container elementor-column-gap-default\">\n\t\t\t\t\t<div class=\"elementor-column elementor-col-50 elementor-top-column elementor-element elementor-element-2aca791f\" data-id=\"2aca791f\" data-element_type=\"column\" data-e-type=\"column\">\n\t\t\t<div class=\"elementor-widget-wrap elementor-element-populated\">\n\t\t\t\t\t\t<div class=\"elementor-element elementor-element-6297 elementor-widget elementor-widget-image\" data-id=\"6297\" data-element_type=\"widget\" data-e-type=\"widget\" data-widget_type=\"image.default\">\n\t\t\t\t<div class=\"elementor-widget-container\">\n\t\t\t\t\t\t\t\t\t\t\t\t\t\t\t\t<a href=\"https:\/\/www.heidnischbier.ch\/geschichte\/\">\n\t\t\t\t\t\t\t<img loading=\"lazy\" decoding=\"async\" width=\"800\" height=\"1000\" src=\"https:\/\/www.heidnischbier.ch\/wp-content\/uploads\/2022\/09\/Heidnischbier-Teaser-Geschichte-819x1024.jpg\" class=\"attachment-large size-large wp-image-3038\" alt=\"\" srcset=\"https:\/\/www.heidnischbier.ch\/wp-content\/uploads\/2022\/09\/Heidnischbier-Teaser-Geschichte-819x1024.jpg 819w, https:\/\/www.heidnischbier.ch\/wp-content\/uploads\/2022\/09\/Heidnischbier-Teaser-Geschichte-240x300.jpg 240w, https:\/\/www.heidnischbier.ch\/wp-content\/uploads\/2022\/09\/Heidnischbier-Teaser-Geschichte-768x960.jpg 768w, https:\/\/www.heidnischbier.ch\/wp-content\/uploads\/2022\/09\/Heidnischbier-Teaser-Geschichte.jpg 1000w\" sizes=\"(max-width: 800px) 100vw, 800px\" \/>\t\t\t\t\t\t\t\t<\/a>\n\t\t\t\t\t\t\t\t\t\t\t\t\t\t\t<\/div>\n\t\t\t\t<\/div>\n\t\t\t\t<div class=\"elementor-element elementor-element-32f9b682 elementor-widget elementor-widget-text-editor\" data-id=\"32f9b682\" data-element_type=\"widget\" data-e-type=\"widget\" data-widget_type=\"text-editor.default\">\n\t\t\t\t<div class=\"elementor-widget-container\">\n\t\t\t\t\t\t\t\t\t<h5><a href=\"https:\/\/www.heidnischbier.ch\/geschichte\/\">Geschichte<\/a><\/h5><p>Erfahre mehr \u00fcber die Geschichte und den Ursprung von Heidnischbier<\/p>\t\t\t\t\t\t\t\t<\/div>\n\t\t\t\t<\/div>\n\t\t\t\t\t<\/div>\n\t\t<\/div>\n\t\t\t\t<div class=\"elementor-column elementor-col-50 elementor-top-column elementor-element elementor-element-4ee2e8d6\" data-id=\"4ee2e8d6\" data-element_type=\"column\" data-e-type=\"column\">\n\t\t\t<div class=\"elementor-widget-wrap elementor-element-populated\">\n\t\t\t\t\t\t<div class=\"elementor-element elementor-element-224f50d7 elementor-widget elementor-widget-image\" data-id=\"224f50d7\" data-element_type=\"widget\" data-e-type=\"widget\" data-widget_type=\"image.default\">\n\t\t\t\t<div class=\"elementor-widget-container\">\n\t\t\t\t\t\t\t\t\t\t\t\t\t\t\t\t<a href=\"https:\/\/www.heidnischbier.ch\/biersortiment\/\">\n\t\t\t\t\t\t\t<img loading=\"lazy\" decoding=\"async\" width=\"667\" height=\"1000\" src=\"https:\/\/www.heidnischbier.ch\/wp-content\/uploads\/2022\/09\/Heidnischbier-Teaser-Biersorten.jpg\" class=\"attachment-large size-large wp-image-3036\" alt=\"\" srcset=\"https:\/\/www.heidnischbier.ch\/wp-content\/uploads\/2022\/09\/Heidnischbier-Teaser-Biersorten.jpg 667w, https:\/\/www.heidnischbier.ch\/wp-content\/uploads\/2022\/09\/Heidnischbier-Teaser-Biersorten-200x300.jpg 200w\" sizes=\"(max-width: 667px) 100vw, 667px\" \/>\t\t\t\t\t\t\t\t<\/a>\n\t\t\t\t\t\t\t\t\t\t\t\t\t\t\t<\/div>\n\t\t\t\t<\/div>\n\t\t\t\t<div class=\"elementor-element elementor-element-4395d64e elementor-widget elementor-widget-text-editor\" data-id=\"4395d64e\" data-element_type=\"widget\" data-e-type=\"widget\" data-widget_type=\"text-editor.default\">\n\t\t\t\t<div class=\"elementor-widget-container\">\n\t\t\t\t\t\t\t\t\t<h5><a href=\"https:\/\/www.heidnischbier.ch\/biersortiment\/\">Biersorten<\/a><\/h5><p>Entdecke unsere verschiedenen Biersorten<\/p>\t\t\t\t\t\t\t\t<\/div>\n\t\t\t\t<\/div>\n\t\t\t\t\t<\/div>\n\t\t<\/div>\n\t\t\t\t\t<\/div>\n\t\t<\/section>\n\t\t\t\t<\/div>\n\t\t","protected":false},"excerpt":{"rendered":"<p>Brewery The BreweryHeidnischbier Die Brauerei Heidnischbier hat ihren Standort am Rundeyaweg 3 in Raron. Wir haben uns bei der Raplast AG einquartiert und einen Teil der Halle f\u00fcr unsere Zwecke umgebaut. Wir brauen auf einer KBA 500 Liter Anlage von Dreher. Die Abf\u00fcllanlage stammt von der italienischen Firma Framax. Gerne k\u00f6nnt ihr bei uns vorbeischauen, [&hellip;]<\/p>\n","protected":false},"author":1,"featured_media":0,"parent":0,"menu_order":0,"comment_status":"closed","ping_status":"closed","template":"","meta":{"_acf_changed":false,"footnotes":""},"class_list":["post-3016","page","type-page","status-publish","hentry"],"acf":[],"yoast_head":"<!-- This site is optimized with the Yoast SEO plugin v27.3 - https:\/\/yoast.com\/product\/yoast-seo-wordpress\/ -->\n<title>Brewery - Heidnischbier - Sagenhaftes Craftbier aus dem Oberwallis<\/title>\n<meta name=\"description\" content=\"Die Braust\u00e4tte der Brauerei Heidnischbier am Rundeyaweg 3 in Raron. Besucht unsere Schaubrauerei und degustiert unsere Biersorten.\" \/>\n<meta name=\"robots\" content=\"index, follow, max-snippet:-1, max-image-preview:large, max-video-preview:-1\" \/>\n<link rel=\"canonical\" href=\"https:\/\/www.heidnischbier.ch\/en\/brewery\/\" \/>\n<meta property=\"og:locale\" content=\"en_US\" \/>\n<meta property=\"og:type\" content=\"article\" \/>\n<meta property=\"og:title\" content=\"Brewery - Heidnischbier - Sagenhaftes Craftbier aus dem Oberwallis\" \/>\n<meta property=\"og:description\" content=\"Die Braust\u00e4tte der Brauerei Heidnischbier am Rundeyaweg 3 in Raron. Besucht unsere Schaubrauerei und degustiert unsere Biersorten.\" \/>\n<meta property=\"og:url\" content=\"https:\/\/www.heidnischbier.ch\/en\/brewery\/\" \/>\n<meta property=\"og:site_name\" content=\"Heidnischbier - Sagenhaftes Craftbier aus dem Oberwallis\" \/>\n<meta property=\"article:modified_time\" content=\"2024-10-01T18:56:05+00:00\" \/>\n<meta property=\"og:image\" content=\"https:\/\/www.heidnischbier.ch\/wp-content\/uploads\/2022\/09\/Heidnischbier-Braustaette-Galerie-3.jpg\" \/>\n<meta name=\"twitter:card\" content=\"summary_large_image\" \/>\n<meta name=\"twitter:label1\" content=\"Est. reading time\" \/>\n\t<meta name=\"twitter:data1\" content=\"3 minutes\" \/>\n<script type=\"application\/ld+json\" class=\"yoast-schema-graph\">{\"@context\":\"https:\\\/\\\/schema.org\",\"@graph\":[{\"@type\":\"WebPage\",\"@id\":\"https:\\\/\\\/www.heidnischbier.ch\\\/en\\\/brewery\\\/\",\"url\":\"https:\\\/\\\/www.heidnischbier.ch\\\/en\\\/brewery\\\/\",\"name\":\"Brewery - Heidnischbier - Sagenhaftes Craftbier aus dem Oberwallis\",\"isPartOf\":{\"@id\":\"https:\\\/\\\/www.heidnischbier.ch\\\/#website\"},\"primaryImageOfPage\":{\"@id\":\"https:\\\/\\\/www.heidnischbier.ch\\\/en\\\/brewery\\\/#primaryimage\"},\"image\":{\"@id\":\"https:\\\/\\\/www.heidnischbier.ch\\\/en\\\/brewery\\\/#primaryimage\"},\"thumbnailUrl\":\"https:\\\/\\\/www.heidnischbier.ch\\\/wp-content\\\/uploads\\\/2022\\\/09\\\/Heidnischbier-Braustaette-Galerie-3.jpg\",\"datePublished\":\"2022-08-25T11:03:11+00:00\",\"dateModified\":\"2024-10-01T18:56:05+00:00\",\"description\":\"Die Braust\u00e4tte der Brauerei Heidnischbier am Rundeyaweg 3 in Raron. Besucht unsere Schaubrauerei und degustiert unsere Biersorten.\",\"breadcrumb\":{\"@id\":\"https:\\\/\\\/www.heidnischbier.ch\\\/en\\\/brewery\\\/#breadcrumb\"},\"inLanguage\":\"en-US\",\"potentialAction\":[{\"@type\":\"ReadAction\",\"target\":[\"https:\\\/\\\/www.heidnischbier.ch\\\/en\\\/brewery\\\/\"]}]},{\"@type\":\"ImageObject\",\"inLanguage\":\"en-US\",\"@id\":\"https:\\\/\\\/www.heidnischbier.ch\\\/en\\\/brewery\\\/#primaryimage\",\"url\":\"https:\\\/\\\/www.heidnischbier.ch\\\/wp-content\\\/uploads\\\/2022\\\/09\\\/Heidnischbier-Braustaette-Galerie-3.jpg\",\"contentUrl\":\"https:\\\/\\\/www.heidnischbier.ch\\\/wp-content\\\/uploads\\\/2022\\\/09\\\/Heidnischbier-Braustaette-Galerie-3.jpg\"},{\"@type\":\"BreadcrumbList\",\"@id\":\"https:\\\/\\\/www.heidnischbier.ch\\\/en\\\/brewery\\\/#breadcrumb\",\"itemListElement\":[{\"@type\":\"ListItem\",\"position\":1,\"name\":\"Startseite\",\"item\":\"https:\\\/\\\/www.heidnischbier.ch\\\/\"},{\"@type\":\"ListItem\",\"position\":2,\"name\":\"Brewery\"}]},{\"@type\":\"WebSite\",\"@id\":\"https:\\\/\\\/www.heidnischbier.ch\\\/#website\",\"url\":\"https:\\\/\\\/www.heidnischbier.ch\\\/\",\"name\":\"Heidnischbier - Sagenhaftes Craftbier aus dem Oberwallis\",\"description\":\"Brauerei Wallis\",\"potentialAction\":[{\"@type\":\"SearchAction\",\"target\":{\"@type\":\"EntryPoint\",\"urlTemplate\":\"https:\\\/\\\/www.heidnischbier.ch\\\/?s={search_term_string}\"},\"query-input\":{\"@type\":\"PropertyValueSpecification\",\"valueRequired\":true,\"valueName\":\"search_term_string\"}}],\"inLanguage\":\"en-US\"}]}<\/script>\n<!-- \/ Yoast SEO plugin. -->","yoast_head_json":{"title":"Brewery - Heidnischbier - Sagenhaftes Craftbier aus dem Oberwallis","description":"Die Braust\u00e4tte der Brauerei Heidnischbier am Rundeyaweg 3 in Raron. Besucht unsere Schaubrauerei und degustiert unsere Biersorten.","robots":{"index":"index","follow":"follow","max-snippet":"max-snippet:-1","max-image-preview":"max-image-preview:large","max-video-preview":"max-video-preview:-1"},"canonical":"https:\/\/www.heidnischbier.ch\/en\/brewery\/","og_locale":"en_US","og_type":"article","og_title":"Brewery - Heidnischbier - Sagenhaftes Craftbier aus dem Oberwallis","og_description":"Die Braust\u00e4tte der Brauerei Heidnischbier am Rundeyaweg 3 in Raron. Besucht unsere Schaubrauerei und degustiert unsere Biersorten.","og_url":"https:\/\/www.heidnischbier.ch\/en\/brewery\/","og_site_name":"Heidnischbier - Sagenhaftes Craftbier aus dem Oberwallis","article_modified_time":"2024-10-01T18:56:05+00:00","og_image":[{"url":"https:\/\/www.heidnischbier.ch\/wp-content\/uploads\/2022\/09\/Heidnischbier-Braustaette-Galerie-3.jpg","type":"","width":"","height":""}],"twitter_card":"summary_large_image","twitter_misc":{"Est. reading time":"3 minutes"},"schema":{"@context":"https:\/\/schema.org","@graph":[{"@type":"WebPage","@id":"https:\/\/www.heidnischbier.ch\/en\/brewery\/","url":"https:\/\/www.heidnischbier.ch\/en\/brewery\/","name":"Brewery - Heidnischbier - Sagenhaftes Craftbier aus dem Oberwallis","isPartOf":{"@id":"https:\/\/www.heidnischbier.ch\/#website"},"primaryImageOfPage":{"@id":"https:\/\/www.heidnischbier.ch\/en\/brewery\/#primaryimage"},"image":{"@id":"https:\/\/www.heidnischbier.ch\/en\/brewery\/#primaryimage"},"thumbnailUrl":"https:\/\/www.heidnischbier.ch\/wp-content\/uploads\/2022\/09\/Heidnischbier-Braustaette-Galerie-3.jpg","datePublished":"2022-08-25T11:03:11+00:00","dateModified":"2024-10-01T18:56:05+00:00","description":"Die Braust\u00e4tte der Brauerei Heidnischbier am Rundeyaweg 3 in Raron. Besucht unsere Schaubrauerei und degustiert unsere Biersorten.","breadcrumb":{"@id":"https:\/\/www.heidnischbier.ch\/en\/brewery\/#breadcrumb"},"inLanguage":"en-US","potentialAction":[{"@type":"ReadAction","target":["https:\/\/www.heidnischbier.ch\/en\/brewery\/"]}]},{"@type":"ImageObject","inLanguage":"en-US","@id":"https:\/\/www.heidnischbier.ch\/en\/brewery\/#primaryimage","url":"https:\/\/www.heidnischbier.ch\/wp-content\/uploads\/2022\/09\/Heidnischbier-Braustaette-Galerie-3.jpg","contentUrl":"https:\/\/www.heidnischbier.ch\/wp-content\/uploads\/2022\/09\/Heidnischbier-Braustaette-Galerie-3.jpg"},{"@type":"BreadcrumbList","@id":"https:\/\/www.heidnischbier.ch\/en\/brewery\/#breadcrumb","itemListElement":[{"@type":"ListItem","position":1,"name":"Startseite","item":"https:\/\/www.heidnischbier.ch\/"},{"@type":"ListItem","position":2,"name":"Brewery"}]},{"@type":"WebSite","@id":"https:\/\/www.heidnischbier.ch\/#website","url":"https:\/\/www.heidnischbier.ch\/","name":"Heidnischbier - Sagenhaftes Craftbier aus dem Oberwallis","description":"Brauerei Wallis","potentialAction":[{"@type":"SearchAction","target":{"@type":"EntryPoint","urlTemplate":"https:\/\/www.heidnischbier.ch\/?s={search_term_string}"},"query-input":{"@type":"PropertyValueSpecification","valueRequired":true,"valueName":"search_term_string"}}],"inLanguage":"en-US"}]}},"_links":{"self":[{"href":"https:\/\/www.heidnischbier.ch\/en\/wp-json\/wp\/v2\/pages\/3016","targetHints":{"allow":["GET"]}}],"collection":[{"href":"https:\/\/www.heidnischbier.ch\/en\/wp-json\/wp\/v2\/pages"}],"about":[{"href":"https:\/\/www.heidnischbier.ch\/en\/wp-json\/wp\/v2\/types\/page"}],"author":[{"embeddable":true,"href":"https:\/\/www.heidnischbier.ch\/en\/wp-json\/wp\/v2\/users\/1"}],"replies":[{"embeddable":true,"href":"https:\/\/www.heidnischbier.ch\/en\/wp-json\/wp\/v2\/comments?post=3016"}],"version-history":[{"count":5,"href":"https:\/\/www.heidnischbier.ch\/en\/wp-json\/wp\/v2\/pages\/3016\/revisions"}],"predecessor-version":[{"id":3220,"href":"https:\/\/www.heidnischbier.ch\/en\/wp-json\/wp\/v2\/pages\/3016\/revisions\/3220"}],"wp:attachment":[{"href":"https:\/\/www.heidnischbier.ch\/en\/wp-json\/wp\/v2\/media?parent=3016"}],"curies":[{"name":"wp","href":"https:\/\/api.w.org\/{rel}","templated":true}]}}