{"id":3025,"date":"2022-09-06T12:55:15","date_gmt":"2022-09-06T12:55:15","guid":{"rendered":"https:\/\/www.heidnischbier.ch\/partner\/"},"modified":"2022-09-06T12:55:15","modified_gmt":"2022-09-06T12:55:15","slug":"partner","status":"publish","type":"page","link":"https:\/\/www.heidnischbier.ch\/en\/partner\/","title":{"rendered":"Partner"},"content":{"rendered":"\t\t<div data-elementor-type=\"wp-page\" data-elementor-id=\"3025\" class=\"elementor elementor-3025 elementor-2010\" data-elementor-post-type=\"page\">\n\t\t\t\t\t\t<section class=\"elementor-section elementor-top-section elementor-element elementor-element-72c06fb1 elementor-section-height-min-height image-hero heroimage elementor-section-boxed elementor-section-height-default elementor-section-items-middle\" data-id=\"72c06fb1\" data-element_type=\"section\" data-e-type=\"section\" data-settings=\"{&quot;background_background&quot;:&quot;classic&quot;}\">\n\t\t\t\t\t\t<div class=\"elementor-container elementor-column-gap-default\">\n\t\t\t\t\t<div class=\"elementor-column elementor-col-100 elementor-top-column elementor-element elementor-element-3268832f\" data-id=\"3268832f\" data-element_type=\"column\" data-e-type=\"column\">\n\t\t\t<div class=\"elementor-widget-wrap elementor-element-populated\">\n\t\t\t\t\t\t<div class=\"elementor-element elementor-element-25a8bc6c big-font elementor-widget elementor-widget-text-editor\" data-id=\"25a8bc6c\" data-element_type=\"widget\" data-e-type=\"widget\" data-widget_type=\"text-editor.default\">\n\t\t\t\t<div class=\"elementor-widget-container\">\n\t\t\t\t\t\t\t\t\t<h1>Partner<\/h1>\t\t\t\t\t\t\t\t<\/div>\n\t\t\t\t<\/div>\n\t\t\t\t\t<\/div>\n\t\t<\/div>\n\t\t\t\t\t<\/div>\n\t\t<\/section>\n\t\t\t\t<section class=\"elementor-section elementor-top-section elementor-element elementor-element-23fadf5 elementor-section-boxed elementor-section-height-default elementor-section-height-default\" data-id=\"23fadf5\" data-element_type=\"section\" data-e-type=\"section\">\n\t\t\t\t\t\t<div class=\"elementor-container elementor-column-gap-default\">\n\t\t\t\t\t<div class=\"elementor-column elementor-col-100 elementor-top-column elementor-element elementor-element-277c797\" data-id=\"277c797\" data-element_type=\"column\" data-e-type=\"column\">\n\t\t\t<div class=\"elementor-widget-wrap elementor-element-populated\">\n\t\t\t\t\t\t<div class=\"elementor-element elementor-element-122ec3f elementor-widget elementor-widget-spacer\" data-id=\"122ec3f\" data-element_type=\"widget\" data-e-type=\"widget\" data-widget_type=\"spacer.default\">\n\t\t\t\t<div class=\"elementor-widget-container\">\n\t\t\t\t\t\t\t<div class=\"elementor-spacer\">\n\t\t\t<div class=\"elementor-spacer-inner\"><\/div>\n\t\t<\/div>\n\t\t\t\t\t\t<\/div>\n\t\t\t\t<\/div>\n\t\t\t\t\t<\/div>\n\t\t<\/div>\n\t\t\t\t\t<\/div>\n\t\t<\/section>\n\t\t\t\t<section class=\"elementor-section elementor-top-section elementor-element elementor-element-3c9ca76 elementor-section-boxed elementor-section-height-default elementor-section-height-default\" data-id=\"3c9ca76\" data-element_type=\"section\" data-e-type=\"section\">\n\t\t\t\t\t\t<div class=\"elementor-container elementor-column-gap-default\">\n\t\t\t\t\t<div class=\"elementor-column elementor-col-100 elementor-top-column elementor-element elementor-element-fc9b0a9\" data-id=\"fc9b0a9\" data-element_type=\"column\" data-e-type=\"column\">\n\t\t\t<div class=\"elementor-widget-wrap elementor-element-populated\">\n\t\t\t\t\t\t<div class=\"elementor-element elementor-element-13345df elementor-widget elementor-widget-text-editor\" data-id=\"13345df\" data-element_type=\"widget\" data-e-type=\"widget\" data-widget_type=\"text-editor.default\">\n\t\t\t\t<div class=\"elementor-widget-container\">\n\t\t\t\t\t\t\t\t\t<h2><strong>Verkaufsstelle werden:\u00a0<\/strong>Mail an <a href=\"mailto:jens@heidnischbier.ch\" target=\"_blank\" rel=\"noopener\">info@heidnischbier.ch<\/a>\u00a0oder Tel.: 027 552 05 25<\/h2>\t\t\t\t\t\t\t\t<\/div>\n\t\t\t\t<\/div>\n\t\t\t\t\t<\/div>\n\t\t<\/div>\n\t\t\t\t\t<\/div>\n\t\t<\/section>\n\t\t\t\t<section class=\"elementor-section elementor-top-section elementor-element elementor-element-7664934 elementor-section-boxed elementor-section-height-default elementor-section-height-default\" data-id=\"7664934\" data-element_type=\"section\" data-e-type=\"section\">\n\t\t\t\t\t\t<div class=\"elementor-container elementor-column-gap-default\">\n\t\t\t\t\t<div class=\"elementor-column elementor-col-50 elementor-top-column elementor-element elementor-element-07fc8a7\" data-id=\"07fc8a7\" data-element_type=\"column\" data-e-type=\"column\">\n\t\t\t<div class=\"elementor-widget-wrap elementor-element-populated\">\n\t\t\t\t\t\t<div class=\"elementor-element elementor-element-fb7c3fe elementor-widget__width-initial elementor-widget elementor-widget-text-editor\" data-id=\"fb7c3fe\" data-element_type=\"widget\" data-e-type=\"widget\" data-widget_type=\"text-editor.default\">\n\t\t\t\t<div class=\"elementor-widget-container\">\n\t\t\t\t\t\t\t\t\t<h1><strong>VERKAUFSSTELLEN<\/strong><\/h1><ul><li style=\"text-align: left;\"><strong><strong><a href=\"https:\/\/aa-s.cc\/\">AA&#8217;s Cash &amp; Carry AG, Visp<\/a><\/strong><\/strong><\/li><li style=\"text-align: left;\"><a href=\"http:\/\/www.alpen-markt.ch\/\" target=\"_blank\" rel=\"noopener\"><strong>Alpenmarkt, Visp<\/strong><\/a><\/li><li style=\"text-align: left;\"><strong><strong><a href=\"https:\/\/bergbox.ch\/\">BergBox GmbH, Visp<\/a><\/strong><\/strong><\/li><li style=\"text-align: left;\"><strong><strong><a style=\"background-color: #ffffff;\" href=\"https:\/\/www.coop.ch\/de\/lebensmittel\/getraenke\/bier\/c\/m_0260\" target=\"_blank\" rel=\"noopener\">Coop (Bern, Susten, Gampel, Visp, Eyholz,<\/a><span style=\"background-color: transparent;\">\u00a0<\/span><a style=\"background-color: #ffffff;\" href=\"https:\/\/www.coop.ch\/de\/lebensmittel\/getraenke\/bier\/c\/m_0260\" target=\"_blank\" rel=\"noopener\">Brig, Naters 2x,<\/a><span style=\"background-color: transparent;\">\u00a0<\/span><a style=\"background-color: #ffffff;\" href=\"https:\/\/www.coop.ch\/de\/lebensmittel\/getraenke\/bier\/c\/m_0260\" target=\"_blank\" rel=\"noopener\">Saas-Grund, Saas-Fee Post,<\/a><span style=\"background-color: transparent;\">\u00a0<\/span><a style=\"background-color: #ffffff;\" href=\"https:\/\/www.coop.ch\/de\/lebensmittel\/getraenke\/bier\/c\/m_0260\" target=\"_blank\" rel=\"noopener\">Saas-Fee Dorf)<\/a><\/strong><\/strong><\/li><li style=\"text-align: left;\"><strong><strong><a style=\"background-color: #ffffff;\" href=\"https:\/\/www.denner.ch\/de\/filialen\/denner-filiale-und-oeffnungszeiten\/store\/chalet-wiedersehn-185-3925-graechen\/\">Denner Satellit, Gr\u00e4chen<\/a><\/strong><\/strong><\/li><li style=\"text-align: left;\"><a href=\"https:\/\/www.denner.ch\/de\/filialen\/denner-filiale-und-oeffnungszeiten\/store\/pappelweg-5-3945-gampel\/\" target=\"_blank\" rel=\"noopener\"><strong>Denner Partner, Gampel<\/strong><\/a><\/li><li style=\"text-align: left;\"><a href=\"https:\/\/www.denner.ch\/de\/filialen\/denner-filiale-und-oeffnungszeiten\/store\/kaufhaus-mavilla-sustenstrasse-9-3952-susten\/\" target=\"_blank\" rel=\"noopener\"><strong>Denner Partner, Susten<\/strong><\/a><\/li><li style=\"text-align: left;\"><strong><strong><a href=\"https:\/\/getraenke-eggel.ch\/\">Getr\u00e4nke Eggel GmbH, Turtmann<\/a><\/strong><\/strong><\/li><li style=\"text-align: left;\"><strong>Kantine FC Leuk Susten<\/strong><\/li><li style=\"text-align: left;\"><span style=\"font-weight: bold; background-color: transparent;\">M<\/span><a style=\"font-weight: bold; background-color: #ffffff;\" href=\"https:\/\/termen.magusii.ch\">agusii Termen<\/a><\/li><li style=\"text-align: left;\"><a href=\"https:\/\/metzgerei-pfammatter.ch\/\" target=\"_blank\" rel=\"noopener\"><strong>Metzgerei Pfammatter, Raron<\/strong><\/a><\/li><li style=\"text-align: left;\"><a href=\"https:\/\/www.miis-wallis.ch\/\" target=\"_blank\" rel=\"noopener\"><strong>Miis Wallis, Baar (ZG)<\/strong><\/a><\/li><li style=\"text-align: left;\"><strong><strong><a style=\"background-color: #ffffff;\" href=\"https:\/\/www.valais.ch\/de\/aktivitaeten\/wein-kulinarik\/lokale-maerkte\/visper-purumart\" target=\"_blank\" rel=\"noopener\">P\u00fc\u00fcrum\u00e4rt, Visp<\/a><\/strong><\/strong><\/li><li style=\"text-align: left;\"><a href=\"https:\/\/www.skihuetteaeschiried.ch\/de\/home\" target=\"_blank\" rel=\"noopener\"><strong>Skih\u00fctte Aeschiried (BE)<\/strong><\/a><\/li><li style=\"text-align: left;\"><strong><strong><a style=\"background-color: #ffffff;\" href=\"https:\/\/www.tankstellegampel.ch\/\">Socar \u2013 Ischi Tankstell, Gampel<\/a><\/strong><\/strong><\/li><li style=\"text-align: left;\"><strong><strong><a style=\"background-color: #ffffff;\" href=\"https:\/\/www.danislamm.ch\/hofladen.html\" target=\"_blank\" rel=\"noopener\">Dani&#8217;s Lamm Genuss-Hofladen,\u00a0Goppenstein<\/a><\/strong><\/strong><\/li><li style=\"text-align: left;\"><strong><strong><a style=\"background-color: #ffffff;\" href=\"https:\/\/vinifini.ch\/\">Vini Fini, Visp<\/a><\/strong><\/strong><\/li><li style=\"text-align: left;\"><strong><a style=\"background-color: #ffffff;\" href=\"http:\/\/www.chezzen.ch\">Zenh\u00e4usern, Brig \/ Vis<\/a>p<\/strong><\/li><\/ul>\t\t\t\t\t\t\t\t<\/div>\n\t\t\t\t<\/div>\n\t\t\t\t\t<\/div>\n\t\t<\/div>\n\t\t\t\t<div class=\"elementor-column elementor-col-50 elementor-top-column elementor-element elementor-element-859ba5b\" data-id=\"859ba5b\" data-element_type=\"column\" data-e-type=\"column\">\n\t\t\t<div class=\"elementor-widget-wrap elementor-element-populated\">\n\t\t\t\t\t\t<div class=\"elementor-element elementor-element-4de4a2f elementor-widget__width-initial elementor-widget elementor-widget-text-editor\" data-id=\"4de4a2f\" data-element_type=\"widget\" data-e-type=\"widget\" data-widget_type=\"text-editor.default\">\n\t\t\t\t<div class=\"elementor-widget-container\">\n\t\t\t\t\t\t\t\t\t<h1>restaurants<\/h1><p style=\"text-align: left; padding-left: 80px;\"><u>Bettmeralp<br \/><\/u>\u2219 <a style=\"background-color: #ffffff;\" href=\"https:\/\/www.panoramabettmeralp.ch\/\">Hotel-Restaurant<\/a><a style=\"background-color: #ffffff;\" href=\"https:\/\/www.panoramabettmeralp.ch\/\"> Panorama<\/a><\/p><p style=\"text-align: left; padding-left: 80px;\"><u>Brig<br \/><\/u><a style=\"background-color: #ffffff;\" href=\"https:\/\/www.hotel-delondres.ch\/\">\u2219 Hotel de Londres<\/a><br \/><a style=\"background-color: #ffffff;\" href=\"http:\/\/www.britannia-brig.ch\/\" target=\"_blank\" rel=\"noopener\">\u2219 Britannia<\/a><br \/><a href=\"https:\/\/www.kaffeeklatschbrig.ch\/\" target=\"_blank\" rel=\"noopener\">\u2219 Kaffee Klatsch<\/a> (Offenausschank)<br \/><a href=\"https:\/\/www.iischi-arena.ch\/gastronomie-unterkunft\/iischi-buvette\" target=\"_blank\" rel=\"noopener\">\u2219 Iischi Buvette<\/a> (Hockeyhalle Brig)<\/p><p style=\"text-align: left; padding-left: 80px;\"><u>Eyholz<br \/><\/u><a href=\"https:\/\/www.ohooo.ch\/\">\u2219 ohooo<\/a><\/p><p style=\"text-align: left; padding-left: 80px;\"><u>Gampel<br \/><\/u><a href=\"https:\/\/www.tr\u00e4chuhittu.ch\/\">\u2219 Tr\u00e4chu Hittu<\/a><\/p><p style=\"text-align: left; padding-left: 80px;\"><u>Goms<br \/><\/u><a href=\"https:\/\/galmihornhuette.ch\/\">\u2219 Galmihornh\u00fctte<\/a><br \/><a href=\"https:\/\/www.albrun.ch\/\" target=\"_blank\" rel=\"noopener\">\u2219 Restaurant-Pension Albrun, Binn<\/a><br \/><u><br \/>Gr\u00e4chen<br \/><a href=\"https:\/\/www.altebock.ch\/\" target=\"_blank\" rel=\"noopener\">\u2219 Hotel Alte Bock 2.0<\/a><\/u><\/p><p style=\"text-align: left; padding-left: 80px;\">Gspon<br \/><a href=\"http:\/\/www.mosji.ch\/\">\u2219 Restaurant Mosji<\/a><\/p><p style=\"text-align: left; padding-left: 80px;\">Lalden<br \/><a href=\"http:\/\/www.bistro1218.ch\">\u2219 Bistro 1218<\/a><\/p><p style=\"text-align: left; padding-left: 80px;\"><u>L\u00f6tschental<br \/><\/u><a href=\"https:\/\/www.hoteledelweiss.ch\/de\/\">\u2219 Hotel Edelweiss, Blatten<\/a><br \/><a href=\"https:\/\/www.fafleralp.ch\/\">\u2219 Hotel Fafleralp<\/a><\/p><p style=\"text-align: left; padding-left: 80px;\"><u>Naters<br \/><a href=\"https:\/\/www.restaurant-jungfrau-aletsch.ch\/\">\u2219 Restaurant Jungfrau Aletsch<\/a><br \/><a href=\"https:\/\/www.gia-nni.ch\/\">\u2219 Genussatelier Gianni<\/a><br \/><a href=\"https:\/\/www.belalp.ch\/gastro-detail\/restaurant-belalp\" target=\"_blank\" rel=\"noopener\">\u2219 Restaurant Belalp<\/a><br \/><\/u><\/p><p style=\"text-align: left; padding-left: 80px;\"><u>Raron<br \/><\/u><a href=\"https:\/\/restaurant-burg.ch\/\">\u2219 Restaurant Burg<\/a><br \/><a href=\"https:\/\/de-de.facebook.com\/people\/Restaurant-Rilke-Raron\/100068790491272\/\">\u2219 Restaurant Rilke<\/a><br \/><a href=\"https:\/\/www.schmitta-raron.ch\/\">\u2219 Restaurant Schmitta<\/a><br \/><a href=\"https:\/\/www.kapitel7.ch\/\">\u2219 Kapitel 7 Boutique Hotel und Restaurant<\/a><br \/><a href=\"https:\/\/www.rarnerchumma.ch\/\">\u2219 B\u00e4rgbeizli Rarner Chumma<\/a><\/p><p style=\"text-align: left; padding-left: 80px;\"><u>Saas-Fee<br \/><\/u><a href=\"https:\/\/www.boutiquelodge.ch\/de\">\u2219 Boutique Lodge Spycher<\/a><\/p><p style=\"text-align: left; padding-left: 80px;\"><u>T\u00e4sch<br \/><a href=\"http:\/\/elite-3929.valaistophotels.com\/de\/\" target=\"_blank\" rel=\"noopener\">\u2219 Hotel Elite<\/a><\/u><\/p><p style=\"text-align: left; padding-left: 80px;\"><u>T\u00f6rbel<br \/><\/u><a href=\"https:\/\/www.dorbia.ch\/\">\u2219 Bergrestaurant Dorbia<\/a><\/p><p style=\"text-align: left; padding-left: 80px;\"><u>Unterb\u00e4ch<br \/><\/u><strong><a href=\"https:\/\/myalpenhof.ch\/\" target=\"_blank\" rel=\"noopener\">\u2219<\/a>Hotel Alpenhof<\/strong><\/p><p style=\"text-align: left; padding-left: 80px;\"><u>Visp<br \/><\/u><a href=\"https:\/\/vinifini.ch\/\">\u2219 Vini Fini<\/a><\/p>\t\t\t\t\t\t\t\t<\/div>\n\t\t\t\t<\/div>\n\t\t\t\t\t<\/div>\n\t\t<\/div>\n\t\t\t\t\t<\/div>\n\t\t<\/section>\n\t\t\t\t<section class=\"elementor-section elementor-top-section elementor-element elementor-element-378726c5 quicklinks elementor-section-boxed elementor-section-height-default elementor-section-height-default\" data-id=\"378726c5\" data-element_type=\"section\" data-e-type=\"section\">\n\t\t\t\t\t\t<div class=\"elementor-container elementor-column-gap-default\">\n\t\t\t\t\t<div class=\"elementor-column elementor-col-50 elementor-top-column elementor-element elementor-element-2aca791f\" data-id=\"2aca791f\" data-element_type=\"column\" data-e-type=\"column\">\n\t\t\t<div class=\"elementor-widget-wrap elementor-element-populated\">\n\t\t\t\t\t\t<div class=\"elementor-element elementor-element-6297 elementor-widget elementor-widget-image\" data-id=\"6297\" data-element_type=\"widget\" data-e-type=\"widget\" data-widget_type=\"image.default\">\n\t\t\t\t<div class=\"elementor-widget-container\">\n\t\t\t\t\t\t\t\t\t\t\t\t\t\t\t\t<a href=\"https:\/\/www.heidnischbier.ch\/biersortiment\/\">\n\t\t\t\t\t\t\t<img fetchpriority=\"high\" decoding=\"async\" width=\"667\" height=\"1000\" src=\"https:\/\/www.heidnischbier.ch\/wp-content\/uploads\/2022\/09\/Heidnischbier-Teaser-Biersorten.jpg\" class=\"attachment-large size-large wp-image-3036\" alt=\"\" srcset=\"https:\/\/www.heidnischbier.ch\/wp-content\/uploads\/2022\/09\/Heidnischbier-Teaser-Biersorten.jpg 667w, https:\/\/www.heidnischbier.ch\/wp-content\/uploads\/2022\/09\/Heidnischbier-Teaser-Biersorten-200x300.jpg 200w\" sizes=\"(max-width: 667px) 100vw, 667px\" \/>\t\t\t\t\t\t\t\t<\/a>\n\t\t\t\t\t\t\t\t\t\t\t\t\t\t\t<\/div>\n\t\t\t\t<\/div>\n\t\t\t\t<div class=\"elementor-element elementor-element-32f9b682 elementor-widget elementor-widget-text-editor\" data-id=\"32f9b682\" data-element_type=\"widget\" data-e-type=\"widget\" data-widget_type=\"text-editor.default\">\n\t\t\t\t<div class=\"elementor-widget-container\">\n\t\t\t\t\t\t\t\t\t<h5><a href=\"https:\/\/www.heidnischbier.ch\/biersortiment\/\">Biersorten<\/a><\/h5><p>Entdecke unsere verschiedenen Biersorten<\/p>\t\t\t\t\t\t\t\t<\/div>\n\t\t\t\t<\/div>\n\t\t\t\t\t<\/div>\n\t\t<\/div>\n\t\t\t\t<div class=\"elementor-column elementor-col-50 elementor-top-column elementor-element elementor-element-4ee2e8d6\" data-id=\"4ee2e8d6\" data-element_type=\"column\" data-e-type=\"column\">\n\t\t\t<div class=\"elementor-widget-wrap elementor-element-populated\">\n\t\t\t\t\t\t<div class=\"elementor-element elementor-element-224f50d7 elementor-widget elementor-widget-image\" data-id=\"224f50d7\" data-element_type=\"widget\" data-e-type=\"widget\" data-widget_type=\"image.default\">\n\t\t\t\t<div class=\"elementor-widget-container\">\n\t\t\t\t\t\t\t\t\t\t\t\t\t\t\t\t<a href=\"https:\/\/www.heidnischbier.ch\/rampenverkauf\/\">\n\t\t\t\t\t\t\t<img decoding=\"async\" width=\"667\" height=\"1001\" src=\"https:\/\/www.heidnischbier.ch\/wp-content\/uploads\/2022\/09\/Heidnischbier-Teaser-Rampenverkauf.jpg\" class=\"attachment-large size-large wp-image-3039\" alt=\"\" srcset=\"https:\/\/www.heidnischbier.ch\/wp-content\/uploads\/2022\/09\/Heidnischbier-Teaser-Rampenverkauf.jpg 667w, https:\/\/www.heidnischbier.ch\/wp-content\/uploads\/2022\/09\/Heidnischbier-Teaser-Rampenverkauf-200x300.jpg 200w\" sizes=\"(max-width: 667px) 100vw, 667px\" \/>\t\t\t\t\t\t\t\t<\/a>\n\t\t\t\t\t\t\t\t\t\t\t\t\t\t\t<\/div>\n\t\t\t\t<\/div>\n\t\t\t\t<div class=\"elementor-element elementor-element-4395d64e elementor-widget elementor-widget-text-editor\" data-id=\"4395d64e\" data-element_type=\"widget\" data-e-type=\"widget\" data-widget_type=\"text-editor.default\">\n\t\t\t\t<div class=\"elementor-widget-container\">\n\t\t\t\t\t\t\t\t\t<h5><a href=\"https:\/\/www.heidnischbier.ch\/rampenverkauf\/\">Rampenverkauf<\/a><\/h5><p>Besuche uns freitagabends von 17:00\u201320:00 Uhr am Rampenverkauf<\/p>\t\t\t\t\t\t\t\t<\/div>\n\t\t\t\t<\/div>\n\t\t\t\t\t<\/div>\n\t\t<\/div>\n\t\t\t\t\t<\/div>\n\t\t<\/section>\n\t\t\t\t<\/div>\n\t\t","protected":false},"excerpt":{"rendered":"<p>Partner Verkaufsstelle werden:\u00a0Mail an info@heidnischbier.ch\u00a0oder Tel.: 027 552 05 25 VERKAUFSSTELLEN AA&#8217;s Cash &amp; Carry AG, Visp Alpenmarkt, Visp BergBox GmbH, Visp Coop (Bern, Susten, Gampel, Visp, Eyholz,\u00a0Brig, Naters 2x,\u00a0Saas-Grund, Saas-Fee Post,\u00a0Saas-Fee Dorf) Denner Satellit, Gr\u00e4chen Denner Partner, Gampel Denner Partner, Susten Getr\u00e4nke Eggel GmbH, Turtmann Kantine FC Leuk Susten Magusii Termen Metzgerei Pfammatter, Raron [&hellip;]<\/p>\n","protected":false},"author":1,"featured_media":0,"parent":0,"menu_order":0,"comment_status":"closed","ping_status":"closed","template":"","meta":{"_acf_changed":false,"footnotes":""},"class_list":["post-3025","page","type-page","status-publish","hentry"],"acf":[],"yoast_head":"<!-- This site is optimized with the Yoast SEO plugin v27.3 - https:\/\/yoast.com\/product\/yoast-seo-wordpress\/ -->\n<title>Partner - Heidnischbier - Sagenhaftes Craftbier aus dem Oberwallis<\/title>\n<meta name=\"robots\" content=\"index, follow, max-snippet:-1, max-image-preview:large, max-video-preview:-1\" \/>\n<link rel=\"canonical\" href=\"https:\/\/www.heidnischbier.ch\/en\/partner\/\" \/>\n<meta property=\"og:locale\" content=\"en_US\" \/>\n<meta property=\"og:type\" content=\"article\" \/>\n<meta property=\"og:title\" content=\"Partner - Heidnischbier - Sagenhaftes Craftbier aus dem Oberwallis\" \/>\n<meta property=\"og:description\" content=\"Partner Verkaufsstelle werden:\u00a0Mail an info@heidnischbier.ch\u00a0oder Tel.: 027 552 05 25 VERKAUFSSTELLEN AA&#8217;s Cash &amp; Carry AG, Visp Alpenmarkt, Visp BergBox GmbH, Visp Coop (Bern, Susten, Gampel, Visp, Eyholz,\u00a0Brig, Naters 2x,\u00a0Saas-Grund, Saas-Fee Post,\u00a0Saas-Fee Dorf) Denner Satellit, Gr\u00e4chen Denner Partner, Gampel Denner Partner, Susten Getr\u00e4nke Eggel GmbH, Turtmann Kantine FC Leuk Susten Magusii Termen Metzgerei Pfammatter, Raron [&hellip;]\" \/>\n<meta property=\"og:url\" content=\"https:\/\/www.heidnischbier.ch\/en\/partner\/\" \/>\n<meta property=\"og:site_name\" content=\"Heidnischbier - Sagenhaftes Craftbier aus dem Oberwallis\" \/>\n<meta property=\"og:image\" content=\"https:\/\/www.heidnischbier.ch\/wp-content\/uploads\/2022\/09\/Heidnischbier-Teaser-Biersorten.jpg\" \/>\n<meta name=\"twitter:card\" content=\"summary_large_image\" \/>\n<meta name=\"twitter:label1\" content=\"Est. reading time\" \/>\n\t<meta name=\"twitter:data1\" content=\"1 minute\" \/>\n<script type=\"application\/ld+json\" class=\"yoast-schema-graph\">{\"@context\":\"https:\\\/\\\/schema.org\",\"@graph\":[{\"@type\":\"WebPage\",\"@id\":\"https:\\\/\\\/www.heidnischbier.ch\\\/en\\\/partner\\\/\",\"url\":\"https:\\\/\\\/www.heidnischbier.ch\\\/en\\\/partner\\\/\",\"name\":\"Partner - Heidnischbier - Sagenhaftes Craftbier aus dem Oberwallis\",\"isPartOf\":{\"@id\":\"https:\\\/\\\/www.heidnischbier.ch\\\/#website\"},\"primaryImageOfPage\":{\"@id\":\"https:\\\/\\\/www.heidnischbier.ch\\\/en\\\/partner\\\/#primaryimage\"},\"image\":{\"@id\":\"https:\\\/\\\/www.heidnischbier.ch\\\/en\\\/partner\\\/#primaryimage\"},\"thumbnailUrl\":\"https:\\\/\\\/www.heidnischbier.ch\\\/wp-content\\\/uploads\\\/2022\\\/09\\\/Heidnischbier-Teaser-Biersorten.jpg\",\"datePublished\":\"2022-09-06T12:55:15+00:00\",\"breadcrumb\":{\"@id\":\"https:\\\/\\\/www.heidnischbier.ch\\\/en\\\/partner\\\/#breadcrumb\"},\"inLanguage\":\"en-US\",\"potentialAction\":[{\"@type\":\"ReadAction\",\"target\":[\"https:\\\/\\\/www.heidnischbier.ch\\\/en\\\/partner\\\/\"]}]},{\"@type\":\"ImageObject\",\"inLanguage\":\"en-US\",\"@id\":\"https:\\\/\\\/www.heidnischbier.ch\\\/en\\\/partner\\\/#primaryimage\",\"url\":\"https:\\\/\\\/www.heidnischbier.ch\\\/wp-content\\\/uploads\\\/2022\\\/09\\\/Heidnischbier-Teaser-Biersorten.jpg\",\"contentUrl\":\"https:\\\/\\\/www.heidnischbier.ch\\\/wp-content\\\/uploads\\\/2022\\\/09\\\/Heidnischbier-Teaser-Biersorten.jpg\"},{\"@type\":\"BreadcrumbList\",\"@id\":\"https:\\\/\\\/www.heidnischbier.ch\\\/en\\\/partner\\\/#breadcrumb\",\"itemListElement\":[{\"@type\":\"ListItem\",\"position\":1,\"name\":\"Startseite\",\"item\":\"https:\\\/\\\/www.heidnischbier.ch\\\/\"},{\"@type\":\"ListItem\",\"position\":2,\"name\":\"Partner\"}]},{\"@type\":\"WebSite\",\"@id\":\"https:\\\/\\\/www.heidnischbier.ch\\\/#website\",\"url\":\"https:\\\/\\\/www.heidnischbier.ch\\\/\",\"name\":\"Heidnischbier - Sagenhaftes Craftbier aus dem Oberwallis\",\"description\":\"Brauerei Wallis\",\"potentialAction\":[{\"@type\":\"SearchAction\",\"target\":{\"@type\":\"EntryPoint\",\"urlTemplate\":\"https:\\\/\\\/www.heidnischbier.ch\\\/?s={search_term_string}\"},\"query-input\":{\"@type\":\"PropertyValueSpecification\",\"valueRequired\":true,\"valueName\":\"search_term_string\"}}],\"inLanguage\":\"en-US\"}]}<\/script>\n<!-- \/ Yoast SEO plugin. -->","yoast_head_json":{"title":"Partner - Heidnischbier - Sagenhaftes Craftbier aus dem Oberwallis","robots":{"index":"index","follow":"follow","max-snippet":"max-snippet:-1","max-image-preview":"max-image-preview:large","max-video-preview":"max-video-preview:-1"},"canonical":"https:\/\/www.heidnischbier.ch\/en\/partner\/","og_locale":"en_US","og_type":"article","og_title":"Partner - Heidnischbier - Sagenhaftes Craftbier aus dem Oberwallis","og_description":"Partner Verkaufsstelle werden:\u00a0Mail an info@heidnischbier.ch\u00a0oder Tel.: 027 552 05 25 VERKAUFSSTELLEN AA&#8217;s Cash &amp; Carry AG, Visp Alpenmarkt, Visp BergBox GmbH, Visp Coop (Bern, Susten, Gampel, Visp, Eyholz,\u00a0Brig, Naters 2x,\u00a0Saas-Grund, Saas-Fee Post,\u00a0Saas-Fee Dorf) Denner Satellit, Gr\u00e4chen Denner Partner, Gampel Denner Partner, Susten Getr\u00e4nke Eggel GmbH, Turtmann Kantine FC Leuk Susten Magusii Termen Metzgerei Pfammatter, Raron [&hellip;]","og_url":"https:\/\/www.heidnischbier.ch\/en\/partner\/","og_site_name":"Heidnischbier - Sagenhaftes Craftbier aus dem Oberwallis","og_image":[{"url":"https:\/\/www.heidnischbier.ch\/wp-content\/uploads\/2022\/09\/Heidnischbier-Teaser-Biersorten.jpg","type":"","width":"","height":""}],"twitter_card":"summary_large_image","twitter_misc":{"Est. reading time":"1 minute"},"schema":{"@context":"https:\/\/schema.org","@graph":[{"@type":"WebPage","@id":"https:\/\/www.heidnischbier.ch\/en\/partner\/","url":"https:\/\/www.heidnischbier.ch\/en\/partner\/","name":"Partner - Heidnischbier - Sagenhaftes Craftbier aus dem Oberwallis","isPartOf":{"@id":"https:\/\/www.heidnischbier.ch\/#website"},"primaryImageOfPage":{"@id":"https:\/\/www.heidnischbier.ch\/en\/partner\/#primaryimage"},"image":{"@id":"https:\/\/www.heidnischbier.ch\/en\/partner\/#primaryimage"},"thumbnailUrl":"https:\/\/www.heidnischbier.ch\/wp-content\/uploads\/2022\/09\/Heidnischbier-Teaser-Biersorten.jpg","datePublished":"2022-09-06T12:55:15+00:00","breadcrumb":{"@id":"https:\/\/www.heidnischbier.ch\/en\/partner\/#breadcrumb"},"inLanguage":"en-US","potentialAction":[{"@type":"ReadAction","target":["https:\/\/www.heidnischbier.ch\/en\/partner\/"]}]},{"@type":"ImageObject","inLanguage":"en-US","@id":"https:\/\/www.heidnischbier.ch\/en\/partner\/#primaryimage","url":"https:\/\/www.heidnischbier.ch\/wp-content\/uploads\/2022\/09\/Heidnischbier-Teaser-Biersorten.jpg","contentUrl":"https:\/\/www.heidnischbier.ch\/wp-content\/uploads\/2022\/09\/Heidnischbier-Teaser-Biersorten.jpg"},{"@type":"BreadcrumbList","@id":"https:\/\/www.heidnischbier.ch\/en\/partner\/#breadcrumb","itemListElement":[{"@type":"ListItem","position":1,"name":"Startseite","item":"https:\/\/www.heidnischbier.ch\/"},{"@type":"ListItem","position":2,"name":"Partner"}]},{"@type":"WebSite","@id":"https:\/\/www.heidnischbier.ch\/#website","url":"https:\/\/www.heidnischbier.ch\/","name":"Heidnischbier - Sagenhaftes Craftbier aus dem Oberwallis","description":"Brauerei Wallis","potentialAction":[{"@type":"SearchAction","target":{"@type":"EntryPoint","urlTemplate":"https:\/\/www.heidnischbier.ch\/?s={search_term_string}"},"query-input":{"@type":"PropertyValueSpecification","valueRequired":true,"valueName":"search_term_string"}}],"inLanguage":"en-US"}]}},"_links":{"self":[{"href":"https:\/\/www.heidnischbier.ch\/en\/wp-json\/wp\/v2\/pages\/3025","targetHints":{"allow":["GET"]}}],"collection":[{"href":"https:\/\/www.heidnischbier.ch\/en\/wp-json\/wp\/v2\/pages"}],"about":[{"href":"https:\/\/www.heidnischbier.ch\/en\/wp-json\/wp\/v2\/types\/page"}],"author":[{"embeddable":true,"href":"https:\/\/www.heidnischbier.ch\/en\/wp-json\/wp\/v2\/users\/1"}],"replies":[{"embeddable":true,"href":"https:\/\/www.heidnischbier.ch\/en\/wp-json\/wp\/v2\/comments?post=3025"}],"version-history":[{"count":0,"href":"https:\/\/www.heidnischbier.ch\/en\/wp-json\/wp\/v2\/pages\/3025\/revisions"}],"wp:attachment":[{"href":"https:\/\/www.heidnischbier.ch\/en\/wp-json\/wp\/v2\/media?parent=3025"}],"curies":[{"name":"wp","href":"https:\/\/api.w.org\/{rel}","templated":true}]}}